{"id":1537,"date":"2014-11-08T21:20:30","date_gmt":"2014-11-08T19:20:30","guid":{"rendered":"http:\/\/demo.habermatik.net\/v3\/?page_id=1537"},"modified":"2014-11-08T21:20:30","modified_gmt":"2014-11-08T19:20:30","slug":"ornek-tablo","status":"publish","type":"page","link":"https:\/\/demo.habermatik.net\/v3\/ornek-tablo\/","title":{"rendered":"\u00d6rnek Tablo"},"content":{"rendered":"<table style=\"height: 189px;\" border=\"0\" width=\"620\" cellspacing=\"0\" cellpadding=\"3\">\n<tbody>\n<tr>\n<td valign=\"top\"><b>Firma Ad\u0131 :<\/b><\/td>\n<td valign=\"top\">Ak\u0131n Medya Bilgi Tek. San. ve Tic. Ltd. \u015eti.<\/td>\n<\/tr>\n<tr>\n<td valign=\"top\"><b>Adres :<\/b><\/td>\n<td valign=\"top\">Bostanc\u0131 Mh. Emin Ali Pa\u015fa Cd No:105 Kad\u0131k\u00f6y<\/td>\n<\/tr>\n<tr>\n<td valign=\"top\"><b>\u015eehir :<\/b><\/td>\n<td valign=\"top\">\u0130STANBUL<\/td>\n<\/tr>\n<tr>\n<td valign=\"top\"><b>B\u00f6lge :<\/b><\/td>\n<td valign=\"top\">\u0130ST\/MARMARA<\/td>\n<\/tr>\n<tr>\n<td valign=\"top\"><b>Telefon :<\/b><\/td>\n<td valign=\"top\">+90 216 658 5535<\/td>\n<\/tr>\n<tr>\n<td valign=\"top\"><b>E-posta\u00a0:<\/b><\/td>\n<td valign=\"top\">destek[at]akinmedya.com.tr<\/td>\n<\/tr>\n<tr>\n<td valign=\"top\"><b>Web\u00a0:<\/b><\/td>\n<td valign=\"top\">http:\/\/www.akinmedya.com.tr<\/td>\n<\/tr>\n<\/tbody>\n<\/table>\n<p>Tablonun HTML Kodu:<br \/>\n<textarea style=\"width: 610px; height: 300px;\">&lt;br \/&gt;<br \/>\n&lt;table style=&#8221;height: 189px;&#8221; border=&#8221;0&#8243; width=&#8221;620&#8243; cellspacing=&#8221;0&#8243; cellpadding=&#8221;3&#8243;&gt;&lt;br \/&gt;<br \/>\n&lt;tbody&gt;&lt;br \/&gt;<br \/>\n&lt;tr&gt;&lt;br \/&gt;<br \/>\n&lt;td valign=&#8221;top&#8221;&gt;&lt;b&gt;Firma Ad\u0131 :&lt;\/b&gt;&lt;\/td&gt;&lt;br \/&gt;<br \/>\n&lt;td valign=&#8221;top&#8221;&gt;Ak\u0131n Medya Bilgi Tek. San. ve Tic. Ltd. \u015eti.&lt;\/td&gt;&lt;br \/&gt;<br \/>\n&lt;\/tr&gt;&lt;br \/&gt;<br \/>\n&lt;tr&gt;&lt;br \/&gt;<br \/>\n&lt;td valign=&#8221;top&#8221;&gt;&lt;b&gt;Adres :&lt;\/b&gt;&lt;\/td&gt;&lt;br \/&gt;<br \/>\n&lt;td valign=&#8221;top&#8221;&gt;Bostanc\u0131 Mh. Emin Ali Pa\u015fa Cd No:105 Kad\u0131k\u00f6y&lt;\/td&gt;&lt;br \/&gt;<br \/>\n&lt;\/tr&gt;&lt;br \/&gt;<br \/>\n&lt;tr&gt;&lt;br \/&gt;<br \/>\n&lt;td valign=&#8221;top&#8221;&gt;&lt;b&gt;\u015eehir :&lt;\/b&gt;&lt;\/td&gt;&lt;br \/&gt;<br \/>\n&lt;td valign=&#8221;top&#8221;&gt;\u0130STANBUL&lt;\/td&gt;&lt;br \/&gt;<br \/>\n&lt;\/tr&gt;&lt;br \/&gt;<br \/>\n&lt;tr&gt;&lt;br \/&gt;<br \/>\n&lt;td valign=&#8221;top&#8221;&gt;&lt;b&gt;B\u00f6lge :&lt;\/b&gt;&lt;\/td&gt;&lt;br \/&gt;<br \/>\n&lt;td valign=&#8221;top&#8221;&gt;\u0130ST\/MARMARA&lt;\/td&gt;&lt;br \/&gt;<br \/>\n&lt;\/tr&gt;&lt;br \/&gt;<br \/>\n&lt;tr&gt;&lt;br \/&gt;<br \/>\n&lt;td valign=&#8221;top&#8221;&gt;&lt;b&gt;Telefon :&lt;\/b&gt;&lt;\/td&gt;&lt;br \/&gt;<br \/>\n&lt;td valign=&#8221;top&#8221;&gt;+90 216 658 5535&lt;\/td&gt;&lt;br \/&gt;<br \/>\n&lt;\/tr&gt;&lt;br \/&gt;<br \/>\n&lt;tr&gt;&lt;br \/&gt;<br \/>\n&lt;td valign=&#8221;top&#8221;&gt;&lt;b&gt;E-posta&nbsp;:&lt;\/b&gt;&lt;\/td&gt;&lt;br \/&gt;<br \/>\n&lt;td valign=&#8221;top&#8221;&gt;destek[at]akinmedya.com.tr&lt;\/td&gt;&lt;br \/&gt;<br \/>\n&lt;\/tr&gt;&lt;br \/&gt;<br \/>\n&lt;tr&gt;&lt;br \/&gt;<br \/>\n&lt;td valign=&#8221;top&#8221;&gt;&lt;b&gt;Web&nbsp;:&lt;\/b&gt;&lt;\/td&gt;&lt;br \/&gt;<br \/>\n&lt;td valign=&#8221;top&#8221;&gt;http:\/\/www.akinmedya.com.tr&lt;\/td&gt;&lt;br \/&gt;<br \/>\n&lt;\/tr&gt;&lt;br \/&gt;<br \/>\n&lt;\/tbody&gt;&lt;br \/&gt;<br \/>\n&lt;\/table&gt;<\/textarea><\/p>\n<\/p><\/p>","protected":false},"excerpt":{"rendered":"<p>Firma Ad\u0131 : Ak\u0131n Medya Bilgi Tek. San. ve Tic. Ltd. \u015eti. Adres : Bostanc\u0131 Mh. Emin Ali Pa\u015fa Cd No:105 Kad\u0131k\u00f6y \u015eehir : \u0130STANBUL B\u00f6lge : \u0130ST\/MARMARA Telefon : +90 216 658 5535 E-posta\u00a0: destek[at]akinmedya.com.tr Web\u00a0: http:\/\/www.akinmedya.com.tr Tablonun HTML Kodu: &lt;br \/&gt; &lt;table style=&#8221;height: 189px;&#8221; border=&#8221;0&#8243; width=&#8221;620&#8243; cellspacing=&#8221;0&#8243; cellpadding=&#8221;3&#8243;&gt;&lt;br \/&gt; &lt;tbody&gt;&lt;br \/&gt; &lt;tr&gt;&lt;br \/&gt; [&hellip;]<\/p>\n","protected":false},"author":25,"featured_media":0,"parent":0,"menu_order":0,"comment_status":"open","ping_status":"closed","template":"","meta":{"footnotes":""},"aioseo_notices":[],"_links":{"self":[{"href":"https:\/\/demo.habermatik.net\/v3\/wp-json\/wp\/v2\/pages\/1537"}],"collection":[{"href":"https:\/\/demo.habermatik.net\/v3\/wp-json\/wp\/v2\/pages"}],"about":[{"href":"https:\/\/demo.habermatik.net\/v3\/wp-json\/wp\/v2\/types\/page"}],"author":[{"embeddable":true,"href":"https:\/\/demo.habermatik.net\/v3\/wp-json\/wp\/v2\/users\/25"}],"replies":[{"embeddable":true,"href":"https:\/\/demo.habermatik.net\/v3\/wp-json\/wp\/v2\/comments?post=1537"}],"version-history":[{"count":1,"href":"https:\/\/demo.habermatik.net\/v3\/wp-json\/wp\/v2\/pages\/1537\/revisions"}],"predecessor-version":[{"id":1538,"href":"https:\/\/demo.habermatik.net\/v3\/wp-json\/wp\/v2\/pages\/1537\/revisions\/1538"}],"wp:attachment":[{"href":"https:\/\/demo.habermatik.net\/v3\/wp-json\/wp\/v2\/media?parent=1537"}],"curies":[{"name":"wp","href":"https:\/\/api.w.org\/{rel}","templated":true}]}}