{"id":1535,"date":"2014-11-08T21:19:44","date_gmt":"2014-11-08T19:19:44","guid":{"rendered":"http:\/\/demo.habermatik.net\/v3\/?page_id=1535"},"modified":"2014-11-08T21:19:44","modified_gmt":"2014-11-08T19:19:44","slug":"mesaj-kutulari","status":"publish","type":"page","link":"https:\/\/demo.habermatik.net\/v3\/mesaj-kutulari\/","title":{"rendered":"Mesaj Kutular\u0131"},"content":{"rendered":"<div class=\"success\"><strong>Ba\u015far\u0131l\u0131 \u0130\u015flem<\/strong><br \/>\n\u00d6rnek Ba\u015far\u0131l\u0131 \u0130\u015flem Mesaj Kutusu<\/div>\n<p>HTML Kodu:<br \/>\n<textarea style=\"width: 610px; height: 40px;\">&lt;div class=&#8221;success&#8221;&gt;&lt;strong&gt;Ba\u015far\u0131l\u0131 \u0130\u015flem&lt;\/strong&gt; &lt;br&gt; \u00d6rnek Ba\u015far\u0131l\u0131 \u0130\u015flem Mesaj Kutusu&lt;\/div&gt;<\/textarea><\/p>\n<div class=\"info\"><strong>\u00d6nemli Bilgi<\/strong><br \/>\n\u00d6rnek Bilgi\/Duyuru Kutusu<\/div>\n<p>HTML Kodu:<br \/>\n<textarea style=\"width: 610px; height: 40px;\">&lt;div class=&#8221;info&#8221;&gt;&lt;strong&gt;\u00d6nemli Bilgi&lt;\/strong&gt; &lt;br&gt; \u00d6rnek Bilgi\/Duyuru Kutusu&lt;\/div&gt;<\/textarea><\/p>\n<div class=\"error\"><strong>Hata Mesaj\u0131<\/strong><br \/>\n\u00d6rnek Hata Bildirim\/Dikkat Kutusu<\/div>\n<p>HTML Kodu:<br \/>\n<textarea style=\"width: 610px; height: 40px;\">&lt;div class=&#8221;error&#8221;&gt;&lt;strong&gt;Hata Mesaj\u0131&lt;\/strong&gt; &lt;br&gt; \u00d6rnek Hata Bildirim\/Dikkat Kutusu&lt;\/div&gt;<\/textarea><\/p>\n<\/p><\/p>","protected":false},"excerpt":{"rendered":"<p>Ba\u015far\u0131l\u0131 \u0130\u015flem \u00d6rnek Ba\u015far\u0131l\u0131 \u0130\u015flem Mesaj Kutusu HTML Kodu: &lt;div class=&#8221;success&#8221;&gt;&lt;strong&gt;Ba\u015far\u0131l\u0131 \u0130\u015flem&lt;\/strong&gt; &lt;br&gt; \u00d6rnek Ba\u015far\u0131l\u0131 \u0130\u015flem Mesaj Kutusu&lt;\/div&gt; \u00d6nemli Bilgi \u00d6rnek Bilgi\/Duyuru Kutusu HTML Kodu: &lt;div class=&#8221;info&#8221;&gt;&lt;strong&gt;\u00d6nemli Bilgi&lt;\/strong&gt; &lt;br&gt; \u00d6rnek Bilgi\/Duyuru Kutusu&lt;\/div&gt; Hata Mesaj\u0131 \u00d6rnek Hata Bildirim\/Dikkat Kutusu HTML Kodu: &lt;div class=&#8221;error&#8221;&gt;&lt;strong&gt;Hata Mesaj\u0131&lt;\/strong&gt; &lt;br&gt; \u00d6rnek Hata Bildirim\/Dikkat Kutusu&lt;\/div&gt;<\/p>\n","protected":false},"author":25,"featured_media":0,"parent":0,"menu_order":0,"comment_status":"open","ping_status":"closed","template":"","meta":{"footnotes":""},"aioseo_notices":[],"_links":{"self":[{"href":"https:\/\/demo.habermatik.net\/v3\/wp-json\/wp\/v2\/pages\/1535"}],"collection":[{"href":"https:\/\/demo.habermatik.net\/v3\/wp-json\/wp\/v2\/pages"}],"about":[{"href":"https:\/\/demo.habermatik.net\/v3\/wp-json\/wp\/v2\/types\/page"}],"author":[{"embeddable":true,"href":"https:\/\/demo.habermatik.net\/v3\/wp-json\/wp\/v2\/users\/25"}],"replies":[{"embeddable":true,"href":"https:\/\/demo.habermatik.net\/v3\/wp-json\/wp\/v2\/comments?post=1535"}],"version-history":[{"count":1,"href":"https:\/\/demo.habermatik.net\/v3\/wp-json\/wp\/v2\/pages\/1535\/revisions"}],"predecessor-version":[{"id":1536,"href":"https:\/\/demo.habermatik.net\/v3\/wp-json\/wp\/v2\/pages\/1535\/revisions\/1536"}],"wp:attachment":[{"href":"https:\/\/demo.habermatik.net\/v3\/wp-json\/wp\/v2\/media?parent=1535"}],"curies":[{"name":"wp","href":"https:\/\/api.w.org\/{rel}","templated":true}]}}