{"id":1531,"date":"2014-11-08T21:15:30","date_gmt":"2014-11-08T19:15:30","guid":{"rendered":"http:\/\/demo.habermatik.net\/v3\/?page_id=1531"},"modified":"2014-11-08T21:15:30","modified_gmt":"2014-11-08T19:15:30","slug":"tam-sayfa","status":"publish","type":"page","link":"https:\/\/demo.habermatik.net\/v3\/tam-sayfa\/","title":{"rendered":"Tam Sayfa"},"content":{"rendered":"<p>Tam Sayfa Geni\u015fli\u011fi Maksimum 960px<\/p>\n<p>Sayfa \u00d6zellikleri &gt; \u015eablon b\u00f6l\u00fcm\u00fcnden se\u00e7im yap\u0131n\u0131z.<\/p>\n<\/p><\/p>","protected":false},"excerpt":{"rendered":"<p>Tam Sayfa Geni\u015fli\u011fi Maksimum 960px Sayfa \u00d6zellikleri &gt; \u015eablon b\u00f6l\u00fcm\u00fcnden se\u00e7im yap\u0131n\u0131z.<\/p>\n","protected":false},"author":25,"featured_media":0,"parent":0,"menu_order":0,"comment_status":"open","ping_status":"closed","template":"page-tam.php","meta":{"footnotes":""},"aioseo_notices":[],"_links":{"self":[{"href":"https:\/\/demo.habermatik.net\/v3\/wp-json\/wp\/v2\/pages\/1531"}],"collection":[{"href":"https:\/\/demo.habermatik.net\/v3\/wp-json\/wp\/v2\/pages"}],"about":[{"href":"https:\/\/demo.habermatik.net\/v3\/wp-json\/wp\/v2\/types\/page"}],"author":[{"embeddable":true,"href":"https:\/\/demo.habermatik.net\/v3\/wp-json\/wp\/v2\/users\/25"}],"replies":[{"embeddable":true,"href":"https:\/\/demo.habermatik.net\/v3\/wp-json\/wp\/v2\/comments?post=1531"}],"version-history":[{"count":1,"href":"https:\/\/demo.habermatik.net\/v3\/wp-json\/wp\/v2\/pages\/1531\/revisions"}],"predecessor-version":[{"id":1532,"href":"https:\/\/demo.habermatik.net\/v3\/wp-json\/wp\/v2\/pages\/1531\/revisions\/1532"}],"wp:attachment":[{"href":"https:\/\/demo.habermatik.net\/v3\/wp-json\/wp\/v2\/media?parent=1531"}],"curies":[{"name":"wp","href":"https:\/\/api.w.org\/{rel}","templated":true}]}}