{"id":1210,"date":"2014-01-02T07:13:28","date_gmt":"2014-01-02T05:13:28","guid":{"rendered":"http:\/\/demo.habermatik.net\/v3\/?page_id=1210"},"modified":"2014-01-02T12:20:57","modified_gmt":"2014-01-02T10:20:57","slug":"kunye","status":"publish","type":"page","link":"https:\/\/demo.habermatik.net\/v3\/kunye\/","title":{"rendered":"K\u00fcnye"},"content":{"rendered":"<blockquote><p>HaberMatik, Marka Tescili ve 5846 say\u0131l\u0131 \u201cFikir ve Sanat. Eserleri Kanunu\u201d ile korunmaktad\u0131r.<br \/>\nTasar\u0131m ve kodlar tescillidir, izinsiz kullananlar telif haklar\u0131ndan do\u011fan bedeli pe\u015finen \u00f6demeyi kabul etmi\u015f say\u0131l\u0131r.<\/p><\/blockquote>\n<p>&#8220;HaberMatik&#8221; Marka tescili ile koruma alt\u0131na al\u0131nd\u0131\u011f\u0131 gibi, HaberMatik b\u00fcnyesinde \u00fcretilen tasar\u0131mlar ayr\u0131ca Noter taraf\u0131ndan tescillenmi\u015ftir.<\/p>\n<\/p><\/p>","protected":false},"excerpt":{"rendered":"<p>HaberMatik, Marka Tescili ve 5846 say\u0131l\u0131 \u201cFikir ve Sanat. Eserleri Kanunu\u201d ile korunmaktad\u0131r. Tasar\u0131m ve kodlar tescillidir, izinsiz kullananlar telif haklar\u0131ndan do\u011fan bedeli pe\u015finen \u00f6demeyi kabul etmi\u015f say\u0131l\u0131r. &#8220;HaberMatik&#8221; Marka tescili ile koruma alt\u0131na al\u0131nd\u0131\u011f\u0131 gibi, HaberMatik b\u00fcnyesinde \u00fcretilen tasar\u0131mlar ayr\u0131ca Noter taraf\u0131ndan tescillenmi\u015ftir.<\/p>\n","protected":false},"author":1,"featured_media":0,"parent":0,"menu_order":0,"comment_status":"open","ping_status":"open","template":"","meta":{"footnotes":""},"aioseo_notices":[],"_links":{"self":[{"href":"https:\/\/demo.habermatik.net\/v3\/wp-json\/wp\/v2\/pages\/1210"}],"collection":[{"href":"https:\/\/demo.habermatik.net\/v3\/wp-json\/wp\/v2\/pages"}],"about":[{"href":"https:\/\/demo.habermatik.net\/v3\/wp-json\/wp\/v2\/types\/page"}],"author":[{"embeddable":true,"href":"https:\/\/demo.habermatik.net\/v3\/wp-json\/wp\/v2\/users\/1"}],"replies":[{"embeddable":true,"href":"https:\/\/demo.habermatik.net\/v3\/wp-json\/wp\/v2\/comments?post=1210"}],"version-history":[{"count":2,"href":"https:\/\/demo.habermatik.net\/v3\/wp-json\/wp\/v2\/pages\/1210\/revisions"}],"predecessor-version":[{"id":1733,"href":"https:\/\/demo.habermatik.net\/v3\/wp-json\/wp\/v2\/pages\/1210\/revisions\/1733"}],"wp:attachment":[{"href":"https:\/\/demo.habermatik.net\/v3\/wp-json\/wp\/v2\/media?parent=1210"}],"curies":[{"name":"wp","href":"https:\/\/api.w.org\/{rel}","templated":true}]}}