{"id":190,"date":"2013-09-08T02:03:07","date_gmt":"2013-09-07T23:03:07","guid":{"rendered":"http:\/\/demo.habermatik.net\/videomatik\/?page_id=190"},"modified":"2013-09-08T02:03:07","modified_gmt":"2013-09-07T23:03:07","slug":"hakkimizda","status":"publish","type":"page","link":"http:\/\/demo.habermatik.net\/videomatik\/hakkimizda","title":{"rendered":"Hakk\u0131m\u0131zda"},"content":{"rendered":"<p>Sayfa haz\u0131rlan\u0131yor&#8230;<\/p>\n","protected":false},"excerpt":{"rendered":"<p>Sayfa haz\u0131rlan\u0131yor&#8230;<\/p>\n","protected":false},"author":1,"featured_media":0,"parent":0,"menu_order":0,"comment_status":"open","ping_status":"open","template":"","meta":{"footnotes":""},"_links":{"self":[{"href":"http:\/\/demo.habermatik.net\/videomatik\/wp-json\/wp\/v2\/pages\/190"}],"collection":[{"href":"http:\/\/demo.habermatik.net\/videomatik\/wp-json\/wp\/v2\/pages"}],"about":[{"href":"http:\/\/demo.habermatik.net\/videomatik\/wp-json\/wp\/v2\/types\/page"}],"author":[{"embeddable":true,"href":"http:\/\/demo.habermatik.net\/videomatik\/wp-json\/wp\/v2\/users\/1"}],"replies":[{"embeddable":true,"href":"http:\/\/demo.habermatik.net\/videomatik\/wp-json\/wp\/v2\/comments?post=190"}],"version-history":[{"count":1,"href":"http:\/\/demo.habermatik.net\/videomatik\/wp-json\/wp\/v2\/pages\/190\/revisions"}],"predecessor-version":[{"id":191,"href":"http:\/\/demo.habermatik.net\/videomatik\/wp-json\/wp\/v2\/pages\/190\/revisions\/191"}],"wp:attachment":[{"href":"http:\/\/demo.habermatik.net\/videomatik\/wp-json\/wp\/v2\/media?parent=190"}],"curies":[{"name":"wp","href":"https:\/\/api.w.org\/{rel}","templated":true}]}}